{"id":25,"date":"2023-04-18T18:00:48","date_gmt":"2023-04-18T16:00:48","guid":{"rendered":"http:\/\/bqkkuwz.cluster027.hosting.ovh.net\/?page_id=25"},"modified":"2023-05-16T15:47:30","modified_gmt":"2023-05-16T13:47:30","slug":"accueil","status":"publish","type":"page","link":"https:\/\/expert-rgpd.com\/","title":{"rendered":"Le RGPD"},"content":{"rendered":"\n<p>Le RGPD&nbsp; (R\u00e8glement G\u00e9n\u00e9ral sur la Protection des Donn\u00e9es) est entr\u00e9 en application le 25 mai 2018 et encadre le traitement des donn\u00e9es personnelles des r\u00e9sidents europ\u00e9ens.<\/p>\n\n\n\n<p>Ce nouveau r\u00e8glement europ\u00e9en s\u2019inscrit dans la continuit\u00e9 de la Loi fran\u00e7aise Informatique et Libert\u00e9s de 1978 et renforce le contr\u00f4le par les citoyens de l\u2019utilisation qui peut \u00eatre faite des donn\u00e9es les concernant. Il harmonise les r\u00e8gles en Europe en offrant un cadre juridique uniformis\u00e9 aux professionnels.&nbsp;<\/p>\n\n\n\n<p>Toute entit\u00e9 collectant et manipulant des donn\u00e9es personnelles concernant des Europ\u00e9ens doit s&rsquo;y conformer, qu\u2019il s\u2019agisse d\u2019une entreprise (Europ\u00e9enne ou non), d\u2019un sous-traitant, d&rsquo;une collectivit\u00e9 ou m\u00eame d\u2019une association.<\/p>\n\n\n\n<p>Ainsi, si vous traitez ou collectez des donn\u00e9es (pour votre propre compte ou celui d\u2019une autre entit\u00e9), vous \u00eates soumis \u00e0 des obligations sp\u00e9cifiques, destin\u00e9es \u00e0 garantir la protection de ces donn\u00e9es qui vous sont confi\u00e9es.<\/p>\n","protected":false},"excerpt":{"rendered":"<p>Le RGPD&nbsp; (R\u00e8glement G\u00e9n\u00e9ral sur la Protection des Donn\u00e9es) est entr\u00e9 en application le 25 mai 2018 et encadre le traitement des donn\u00e9es personnelles des r\u00e9sidents europ\u00e9ens. Ce nouveau r\u00e8glement europ\u00e9en s\u2019inscrit dans la continuit\u00e9 de la Loi fran\u00e7aise Informatique et Libert\u00e9s de 1978 et renforce le contr\u00f4le par les citoyens de l\u2019utilisation qui peut &hellip; <\/p>\n<p class=\"link-more\"><a href=\"https:\/\/expert-rgpd.com\/\" class=\"more-link\">Continuer la lecture<span class=\"screen-reader-text\"> de &laquo;&nbsp;Le RGPD&nbsp;&raquo;<\/span><\/a><\/p>\n","protected":false},"author":1,"featured_media":160,"parent":0,"menu_order":0,"comment_status":"closed","ping_status":"closed","template":"","meta":{"footnotes":""},"class_list":["post-25","page","type-page","status-publish","has-post-thumbnail","hentry"],"yoast_head":"<!-- This site is optimized with the Yoast SEO plugin v20.7 - https:\/\/yoast.com\/wordpress\/plugins\/seo\/ -->\n<title>Le RGPD - Experts RGPD<\/title>\n<meta name=\"robots\" content=\"index, follow, max-snippet:-1, max-image-preview:large, max-video-preview:-1\" \/>\n<link rel=\"canonical\" href=\"https:\/\/expert-rgpd.com\/\" \/>\n<meta property=\"og:locale\" content=\"fr_FR\" \/>\n<meta property=\"og:type\" content=\"article\" \/>\n<meta property=\"og:title\" content=\"Le RGPD - Experts RGPD\" \/>\n<meta property=\"og:description\" content=\"Le RGPD&nbsp; (R\u00e8glement G\u00e9n\u00e9ral sur la Protection des Donn\u00e9es) est entr\u00e9 en application le 25 mai 2018 et encadre le traitement des donn\u00e9es personnelles des r\u00e9sidents europ\u00e9ens. Ce nouveau r\u00e8glement europ\u00e9en s\u2019inscrit dans la continuit\u00e9 de la Loi fran\u00e7aise Informatique et Libert\u00e9s de 1978 et renforce le contr\u00f4le par les citoyens de l\u2019utilisation qui peut &hellip; Continuer la lecture de &laquo;&nbsp;Le RGPD&nbsp;&raquo;\" \/>\n<meta property=\"og:url\" content=\"https:\/\/expert-rgpd.com\/\" \/>\n<meta property=\"og:site_name\" content=\"Experts RGPD\" \/>\n<meta property=\"article:modified_time\" content=\"2023-05-16T13:47:30+00:00\" \/>\n<meta property=\"og:image\" content=\"https:\/\/expert-rgpd.com\/wp-content\/uploads\/2023\/05\/Copie-de-SWS-Experts-RGPD-4-1024x614.png\" \/>\n\t<meta property=\"og:image:width\" content=\"1024\" \/>\n\t<meta property=\"og:image:height\" content=\"614\" \/>\n\t<meta property=\"og:image:type\" content=\"image\/png\" \/>\n<meta name=\"twitter:card\" content=\"summary_large_image\" \/>\n<meta name=\"twitter:label1\" content=\"Dur\u00e9e de lecture estim\u00e9e\" \/>\n\t<meta name=\"twitter:data1\" content=\"1 minute\" \/>\n<script type=\"application\/ld+json\" class=\"yoast-schema-graph\">{\"@context\":\"https:\/\/schema.org\",\"@graph\":[{\"@type\":\"WebPage\",\"@id\":\"https:\/\/expert-rgpd.com\/\",\"url\":\"https:\/\/expert-rgpd.com\/\",\"name\":\"Le RGPD - Experts RGPD\",\"isPartOf\":{\"@id\":\"https:\/\/expert-rgpd.com\/#website\"},\"datePublished\":\"2023-04-18T16:00:48+00:00\",\"dateModified\":\"2023-05-16T13:47:30+00:00\",\"breadcrumb\":{\"@id\":\"https:\/\/expert-rgpd.com\/#breadcrumb\"},\"inLanguage\":\"fr-FR\",\"potentialAction\":[{\"@type\":\"ReadAction\",\"target\":[\"https:\/\/expert-rgpd.com\/\"]}]},{\"@type\":\"BreadcrumbList\",\"@id\":\"https:\/\/expert-rgpd.com\/#breadcrumb\",\"itemListElement\":[{\"@type\":\"ListItem\",\"position\":1,\"name\":\"Accueil\",\"item\":\"https:\/\/expert-rgpd.com\/\"},{\"@type\":\"ListItem\",\"position\":2,\"name\":\"Le RGPD\"}]},{\"@type\":\"WebSite\",\"@id\":\"https:\/\/expert-rgpd.com\/#website\",\"url\":\"https:\/\/expert-rgpd.com\/\",\"name\":\"Experts RGPD\",\"description\":\"D\u00e9tendez-vous, on s&#039;occupe de votre RGPD\",\"publisher\":{\"@id\":\"https:\/\/expert-rgpd.com\/#organization\"},\"potentialAction\":[{\"@type\":\"SearchAction\",\"target\":{\"@type\":\"EntryPoint\",\"urlTemplate\":\"https:\/\/expert-rgpd.com\/?s={search_term_string}\"},\"query-input\":\"required name=search_term_string\"}],\"inLanguage\":\"fr-FR\"},{\"@type\":\"Organization\",\"@id\":\"https:\/\/expert-rgpd.com\/#organization\",\"name\":\"Experts RGPD\",\"url\":\"https:\/\/expert-rgpd.com\/\",\"logo\":{\"@type\":\"ImageObject\",\"inLanguage\":\"fr-FR\",\"@id\":\"https:\/\/expert-rgpd.com\/#\/schema\/logo\/image\/\",\"url\":\"http:\/\/bqkkuwz.cluster027.hosting.ovh.net\/wp-content\/uploads\/2023\/05\/Experts-RGPD.png\",\"contentUrl\":\"http:\/\/bqkkuwz.cluster027.hosting.ovh.net\/wp-content\/uploads\/2023\/05\/Experts-RGPD.png\",\"width\":700,\"height\":121,\"caption\":\"Experts RGPD\"},\"image\":{\"@id\":\"https:\/\/expert-rgpd.com\/#\/schema\/logo\/image\/\"}}]}<\/script>\n<!-- \/ Yoast SEO plugin. -->","yoast_head_json":{"title":"Le RGPD - Experts RGPD","robots":{"index":"index","follow":"follow","max-snippet":"max-snippet:-1","max-image-preview":"max-image-preview:large","max-video-preview":"max-video-preview:-1"},"canonical":"https:\/\/expert-rgpd.com\/","og_locale":"fr_FR","og_type":"article","og_title":"Le RGPD - Experts RGPD","og_description":"Le RGPD&nbsp; (R\u00e8glement G\u00e9n\u00e9ral sur la Protection des Donn\u00e9es) est entr\u00e9 en application le 25 mai 2018 et encadre le traitement des donn\u00e9es personnelles des r\u00e9sidents europ\u00e9ens. Ce nouveau r\u00e8glement europ\u00e9en s\u2019inscrit dans la continuit\u00e9 de la Loi fran\u00e7aise Informatique et Libert\u00e9s de 1978 et renforce le contr\u00f4le par les citoyens de l\u2019utilisation qui peut &hellip; Continuer la lecture de &laquo;&nbsp;Le RGPD&nbsp;&raquo;","og_url":"https:\/\/expert-rgpd.com\/","og_site_name":"Experts RGPD","article_modified_time":"2023-05-16T13:47:30+00:00","og_image":[{"width":1024,"height":614,"url":"https:\/\/expert-rgpd.com\/wp-content\/uploads\/2023\/05\/Copie-de-SWS-Experts-RGPD-4-1024x614.png","type":"image\/png"}],"twitter_card":"summary_large_image","twitter_misc":{"Dur\u00e9e de lecture estim\u00e9e":"1 minute"},"schema":{"@context":"https:\/\/schema.org","@graph":[{"@type":"WebPage","@id":"https:\/\/expert-rgpd.com\/","url":"https:\/\/expert-rgpd.com\/","name":"Le RGPD - Experts RGPD","isPartOf":{"@id":"https:\/\/expert-rgpd.com\/#website"},"datePublished":"2023-04-18T16:00:48+00:00","dateModified":"2023-05-16T13:47:30+00:00","breadcrumb":{"@id":"https:\/\/expert-rgpd.com\/#breadcrumb"},"inLanguage":"fr-FR","potentialAction":[{"@type":"ReadAction","target":["https:\/\/expert-rgpd.com\/"]}]},{"@type":"BreadcrumbList","@id":"https:\/\/expert-rgpd.com\/#breadcrumb","itemListElement":[{"@type":"ListItem","position":1,"name":"Accueil","item":"https:\/\/expert-rgpd.com\/"},{"@type":"ListItem","position":2,"name":"Le RGPD"}]},{"@type":"WebSite","@id":"https:\/\/expert-rgpd.com\/#website","url":"https:\/\/expert-rgpd.com\/","name":"Experts RGPD","description":"D\u00e9tendez-vous, on s&#039;occupe de votre RGPD","publisher":{"@id":"https:\/\/expert-rgpd.com\/#organization"},"potentialAction":[{"@type":"SearchAction","target":{"@type":"EntryPoint","urlTemplate":"https:\/\/expert-rgpd.com\/?s={search_term_string}"},"query-input":"required name=search_term_string"}],"inLanguage":"fr-FR"},{"@type":"Organization","@id":"https:\/\/expert-rgpd.com\/#organization","name":"Experts RGPD","url":"https:\/\/expert-rgpd.com\/","logo":{"@type":"ImageObject","inLanguage":"fr-FR","@id":"https:\/\/expert-rgpd.com\/#\/schema\/logo\/image\/","url":"http:\/\/bqkkuwz.cluster027.hosting.ovh.net\/wp-content\/uploads\/2023\/05\/Experts-RGPD.png","contentUrl":"http:\/\/bqkkuwz.cluster027.hosting.ovh.net\/wp-content\/uploads\/2023\/05\/Experts-RGPD.png","width":700,"height":121,"caption":"Experts RGPD"},"image":{"@id":"https:\/\/expert-rgpd.com\/#\/schema\/logo\/image\/"}}]}},"_links":{"self":[{"href":"https:\/\/expert-rgpd.com\/index.php\/wp-json\/wp\/v2\/pages\/25","targetHints":{"allow":["GET"]}}],"collection":[{"href":"https:\/\/expert-rgpd.com\/index.php\/wp-json\/wp\/v2\/pages"}],"about":[{"href":"https:\/\/expert-rgpd.com\/index.php\/wp-json\/wp\/v2\/types\/page"}],"author":[{"embeddable":true,"href":"https:\/\/expert-rgpd.com\/index.php\/wp-json\/wp\/v2\/users\/1"}],"replies":[{"embeddable":true,"href":"https:\/\/expert-rgpd.com\/index.php\/wp-json\/wp\/v2\/comments?post=25"}],"version-history":[{"count":6,"href":"https:\/\/expert-rgpd.com\/index.php\/wp-json\/wp\/v2\/pages\/25\/revisions"}],"predecessor-version":[{"id":159,"href":"https:\/\/expert-rgpd.com\/index.php\/wp-json\/wp\/v2\/pages\/25\/revisions\/159"}],"wp:featuredmedia":[{"embeddable":true,"href":"https:\/\/expert-rgpd.com\/index.php\/wp-json\/wp\/v2\/media\/160"}],"wp:attachment":[{"href":"https:\/\/expert-rgpd.com\/index.php\/wp-json\/wp\/v2\/media?parent=25"}],"curies":[{"name":"wp","href":"https:\/\/api.w.org\/{rel}","templated":true}]}}