{"id":3,"date":"2023-04-18T16:31:39","date_gmt":"2023-04-18T14:31:39","guid":{"rendered":"http:\/\/bqkkuwz.cluster027.hosting.ovh.net\/?page_id=3"},"modified":"2023-04-25T21:09:16","modified_gmt":"2023-04-25T19:09:16","slug":"politique-de-confidentialite","status":"publish","type":"page","link":"https:\/\/expert-rgpd.com\/index.php\/politique-de-confidentialite\/","title":{"rendered":"Mentions L\u00e9gales  \/  Politique de Confidentialit\u00e9  \/  RGPD"},"content":{"rendered":"\n<p><\/p>\n\n\n\n<p class=\"has-large-font-size\"><strong>Mentions L\u00e9gales<\/strong><\/p>\n\n\n\n<p><strong>\u00c9diteur et responsable de la publication<\/strong><\/p>\n\n\n\n<p>La soci\u00e9t\u00e9 Starware IT Services est l\u2019\u00e9diteur de ce site.<\/p>\n\n\n\n<p>Experts RGPD est une marque d\u00e9pos\u00e9e, propri\u00e9t\u00e9 de la soci\u00e9t\u00e9 Starware IT Services.<\/p>\n\n\n\n<p>Adresse : 43 Rue de Montlh\u00e9ry, 91240 Saint-Michel-sur-Orge<\/p>\n\n\n\n<p>Mail :&nbsp;<a href=\"mailto:contact@starware-it.fr\">contact@starware-it.fr<\/a><\/p>\n\n\n\n<p>Toutes les informations de ce site sont la propri\u00e9t\u00e9 exclusive de la soci\u00e9t\u00e9 Starware IT Services.<\/p>\n\n\n\n<p><strong>H\u00e9bergement du site<\/strong><\/p>\n\n\n\n<p>L\u2019h\u00e9bergement du site est assur\u00e9e par OVH<\/p>\n\n\n\n<p><strong>Contenu du site<\/strong><\/p>\n\n\n\n<p>Le contenu du site est compos\u00e9 par sa structure g\u00e9n\u00e9rale et les \u00e9l\u00e9ments le composant : textes, images, photos, plans et \u00e9l\u00e9ments multim\u00e9dia. Toute repr\u00e9sentation totale ou partielle de ce site et de son contenu, par quelque proc\u00e9d\u00e9 que ce soit, sans autorisation pr\u00e9alable expresse de Starware IT Services, est interdite et constituerait une contrefa\u00e7on sanctionn\u00e9e par les articles L335-2 et suivants du code de la propri\u00e9t\u00e9 intellectuelle. Les images et les textes du site ne sont en aucun cas contractuels.<\/p>\n\n\n\n<p><strong>Marques d\u00e9pos\u00e9es<\/strong><\/p>\n\n\n\n<p>Toutes les marques d\u00e9pos\u00e9es, les logos de la soci\u00e9t\u00e9 Starware IT Services qui figurent sur ce site sont la propri\u00e9t\u00e9 exclusive de la soci\u00e9t\u00e9 Starware IT Services.<\/p>\n\n\n\n<p>Il est interdit de les utiliser, de les t\u00e9l\u00e9charger de mani\u00e8re d\u00e9finitive, de les reproduire ou de les diffuser de quelque mani\u00e8re que ce soit sans l\u2019autorisation \u00e9crite pr\u00e9alable de la soci\u00e9t\u00e9 Starware IT Services.<\/p>\n\n\n\n<h2 class=\"wp-block-heading has-large-font-size\"><strong>Politique de Confidentialit\u00e9<\/strong><\/h2>\n\n\n\n<p><strong>Informations transmises par un utilisateur<\/strong><\/p>\n\n\n\n<p>Toute information transmise par un utilisateur \u00e0 la soci\u00e9t\u00e9 Starware IT Services via ce site sera consid\u00e9r\u00e9e comme non confidentielle. La soci\u00e9t\u00e9 Starware IT Services pourra l\u2019utiliser, l\u2019archiver, la commercialiser notamment pour le d\u00e9veloppement de ses offres commerciales. Conform\u00e9ment aux articles 39 et suivants de la loi n\u00b0 78-17 du 6 janvier 1978 modifi\u00e9e en 2004 relative \u00e0 l\u2019informatique, aux fichiers et aux libert\u00e9s, toute personne peut obtenir communication et, le cas \u00e9ch\u00e9ant, rectification ou suppression des informations la concernant.<\/p>\n\n\n\n<p>Ce droit peut s\u2019exercer en contactant l\u2019\u00e9diteur du site\u00a0<a href=\"mailto:contact@starware-it.fr\">contact@starware-it.fr<\/a><br>\u00a0<\/p>\n\n\n\n<p><strong>Cookies<\/strong><\/p>\n\n\n\n<p>La soci\u00e9t\u00e9 Starware IT Services se r\u00e9serve le droit d\u2019installer des Cookies lorsque vous visitez le site.<\/p>\n\n\n\n<p>L\u2019utilisateur reconnait \u00eatre inform\u00e9 de cette possibilit\u00e9. La plupart des navigateurs vous donnent la possibilit\u00e9 d\u2019accepter ou de refuser les Cookies, ou d\u2019\u00eatre pr\u00e9venu en cas de Cookies pour les accepter ou les refuser au cas par cas. De m\u00eame, les Cookies peuvent \u00eatre supprim\u00e9s de votre terminal \u00e0 tout moment.<\/p>\n\n\n\n<h2 class=\"wp-block-heading has-large-font-size\"><strong>RGPD<\/strong><\/h2>\n\n\n\n<p>Dans le cadre du R\u00e8glement g\u00e9n\u00e9ral sur la protection des donn\u00e9es, vous pouvez nous demander la consultation, la modification ou la suppression des donn\u00e9es que nous avons collect\u00e9es sur vous en nous \u00e9crivant un message via le formulaire de contact ou \u00e0 l&rsquo;adresse\u00a0<a href=\"mailto:contact@starwaremicro.fr\">contact@starware-it.fr<\/a>\u00a0.<\/p>\n","protected":false},"excerpt":{"rendered":"<p>Mentions L\u00e9gales \u00c9diteur et responsable de la publication La soci\u00e9t\u00e9 Starware IT Services est l\u2019\u00e9diteur de ce site. Experts RGPD est une marque d\u00e9pos\u00e9e, propri\u00e9t\u00e9 de la soci\u00e9t\u00e9 Starware IT Services. Adresse : 43 Rue de Montlh\u00e9ry, 91240 Saint-Michel-sur-Orge Mail :&nbsp;contact@starware-it.fr Toutes les informations de ce site sont la propri\u00e9t\u00e9 exclusive de la soci\u00e9t\u00e9 Starware &hellip; <\/p>\n<p class=\"link-more\"><a href=\"https:\/\/expert-rgpd.com\/index.php\/politique-de-confidentialite\/\" class=\"more-link\">Continuer la lecture<span class=\"screen-reader-text\"> de &laquo;&nbsp;Mentions L\u00e9gales  \/  Politique de Confidentialit\u00e9  \/  RGPD&nbsp;&raquo;<\/span><\/a><\/p>\n","protected":false},"author":1,"featured_media":0,"parent":0,"menu_order":0,"comment_status":"closed","ping_status":"open","template":"","meta":{"footnotes":""},"class_list":["post-3","page","type-page","status-publish","hentry"],"yoast_head":"<!-- This site is optimized with the Yoast SEO plugin v20.7 - https:\/\/yoast.com\/wordpress\/plugins\/seo\/ -->\n<title>Mentions L\u00e9gales \/ Politique de Confidentialit\u00e9 \/ RGPD - Experts RGPD<\/title>\n<meta name=\"robots\" content=\"index, follow, max-snippet:-1, max-image-preview:large, max-video-preview:-1\" \/>\n<link rel=\"canonical\" href=\"https:\/\/expert-rgpd.com\/index.php\/politique-de-confidentialite\/\" \/>\n<meta property=\"og:locale\" content=\"fr_FR\" \/>\n<meta property=\"og:type\" content=\"article\" \/>\n<meta property=\"og:title\" content=\"Mentions L\u00e9gales \/ Politique de Confidentialit\u00e9 \/ RGPD - Experts RGPD\" \/>\n<meta property=\"og:description\" content=\"Mentions L\u00e9gales \u00c9diteur et responsable de la publication La soci\u00e9t\u00e9 Starware IT Services est l\u2019\u00e9diteur de ce site. Experts RGPD est une marque d\u00e9pos\u00e9e, propri\u00e9t\u00e9 de la soci\u00e9t\u00e9 Starware IT Services. Adresse : 43 Rue de Montlh\u00e9ry, 91240 Saint-Michel-sur-Orge Mail :&nbsp;contact@starware-it.fr Toutes les informations de ce site sont la propri\u00e9t\u00e9 exclusive de la soci\u00e9t\u00e9 Starware &hellip; Continuer la lecture de &laquo;&nbsp;Mentions L\u00e9gales \/ Politique de Confidentialit\u00e9 \/ RGPD&nbsp;&raquo;\" \/>\n<meta property=\"og:url\" content=\"https:\/\/expert-rgpd.com\/index.php\/politique-de-confidentialite\/\" \/>\n<meta property=\"og:site_name\" content=\"Experts RGPD\" \/>\n<meta property=\"article:modified_time\" content=\"2023-04-25T19:09:16+00:00\" \/>\n<meta name=\"twitter:card\" content=\"summary_large_image\" \/>\n<meta name=\"twitter:label1\" content=\"Dur\u00e9e de lecture estim\u00e9e\" \/>\n\t<meta name=\"twitter:data1\" content=\"2 minutes\" \/>\n<script type=\"application\/ld+json\" class=\"yoast-schema-graph\">{\"@context\":\"https:\/\/schema.org\",\"@graph\":[{\"@type\":\"WebPage\",\"@id\":\"https:\/\/expert-rgpd.com\/index.php\/politique-de-confidentialite\/\",\"url\":\"https:\/\/expert-rgpd.com\/index.php\/politique-de-confidentialite\/\",\"name\":\"Mentions L\u00e9gales \/ Politique de Confidentialit\u00e9 \/ RGPD - Experts RGPD\",\"isPartOf\":{\"@id\":\"https:\/\/expert-rgpd.com\/#website\"},\"datePublished\":\"2023-04-18T14:31:39+00:00\",\"dateModified\":\"2023-04-25T19:09:16+00:00\",\"breadcrumb\":{\"@id\":\"https:\/\/expert-rgpd.com\/index.php\/politique-de-confidentialite\/#breadcrumb\"},\"inLanguage\":\"fr-FR\",\"potentialAction\":[{\"@type\":\"ReadAction\",\"target\":[\"https:\/\/expert-rgpd.com\/index.php\/politique-de-confidentialite\/\"]}]},{\"@type\":\"BreadcrumbList\",\"@id\":\"https:\/\/expert-rgpd.com\/index.php\/politique-de-confidentialite\/#breadcrumb\",\"itemListElement\":[{\"@type\":\"ListItem\",\"position\":1,\"name\":\"Accueil\",\"item\":\"https:\/\/expert-rgpd.com\/\"},{\"@type\":\"ListItem\",\"position\":2,\"name\":\"Mentions L\u00e9gales \/ Politique de Confidentialit\u00e9 \/ RGPD\"}]},{\"@type\":\"WebSite\",\"@id\":\"https:\/\/expert-rgpd.com\/#website\",\"url\":\"https:\/\/expert-rgpd.com\/\",\"name\":\"Experts RGPD\",\"description\":\"D\u00e9tendez-vous, on s&#039;occupe de votre RGPD\",\"publisher\":{\"@id\":\"https:\/\/expert-rgpd.com\/#organization\"},\"potentialAction\":[{\"@type\":\"SearchAction\",\"target\":{\"@type\":\"EntryPoint\",\"urlTemplate\":\"https:\/\/expert-rgpd.com\/?s={search_term_string}\"},\"query-input\":\"required name=search_term_string\"}],\"inLanguage\":\"fr-FR\"},{\"@type\":\"Organization\",\"@id\":\"https:\/\/expert-rgpd.com\/#organization\",\"name\":\"Experts RGPD\",\"url\":\"https:\/\/expert-rgpd.com\/\",\"logo\":{\"@type\":\"ImageObject\",\"inLanguage\":\"fr-FR\",\"@id\":\"https:\/\/expert-rgpd.com\/#\/schema\/logo\/image\/\",\"url\":\"http:\/\/bqkkuwz.cluster027.hosting.ovh.net\/wp-content\/uploads\/2023\/05\/Experts-RGPD.png\",\"contentUrl\":\"http:\/\/bqkkuwz.cluster027.hosting.ovh.net\/wp-content\/uploads\/2023\/05\/Experts-RGPD.png\",\"width\":700,\"height\":121,\"caption\":\"Experts RGPD\"},\"image\":{\"@id\":\"https:\/\/expert-rgpd.com\/#\/schema\/logo\/image\/\"}}]}<\/script>\n<!-- \/ Yoast SEO plugin. -->","yoast_head_json":{"title":"Mentions L\u00e9gales \/ Politique de Confidentialit\u00e9 \/ RGPD - Experts RGPD","robots":{"index":"index","follow":"follow","max-snippet":"max-snippet:-1","max-image-preview":"max-image-preview:large","max-video-preview":"max-video-preview:-1"},"canonical":"https:\/\/expert-rgpd.com\/index.php\/politique-de-confidentialite\/","og_locale":"fr_FR","og_type":"article","og_title":"Mentions L\u00e9gales \/ Politique de Confidentialit\u00e9 \/ RGPD - Experts RGPD","og_description":"Mentions L\u00e9gales \u00c9diteur et responsable de la publication La soci\u00e9t\u00e9 Starware IT Services est l\u2019\u00e9diteur de ce site. Experts RGPD est une marque d\u00e9pos\u00e9e, propri\u00e9t\u00e9 de la soci\u00e9t\u00e9 Starware IT Services. Adresse : 43 Rue de Montlh\u00e9ry, 91240 Saint-Michel-sur-Orge Mail :&nbsp;contact@starware-it.fr Toutes les informations de ce site sont la propri\u00e9t\u00e9 exclusive de la soci\u00e9t\u00e9 Starware &hellip; Continuer la lecture de &laquo;&nbsp;Mentions L\u00e9gales \/ Politique de Confidentialit\u00e9 \/ RGPD&nbsp;&raquo;","og_url":"https:\/\/expert-rgpd.com\/index.php\/politique-de-confidentialite\/","og_site_name":"Experts RGPD","article_modified_time":"2023-04-25T19:09:16+00:00","twitter_card":"summary_large_image","twitter_misc":{"Dur\u00e9e de lecture estim\u00e9e":"2 minutes"},"schema":{"@context":"https:\/\/schema.org","@graph":[{"@type":"WebPage","@id":"https:\/\/expert-rgpd.com\/index.php\/politique-de-confidentialite\/","url":"https:\/\/expert-rgpd.com\/index.php\/politique-de-confidentialite\/","name":"Mentions L\u00e9gales \/ Politique de Confidentialit\u00e9 \/ RGPD - Experts RGPD","isPartOf":{"@id":"https:\/\/expert-rgpd.com\/#website"},"datePublished":"2023-04-18T14:31:39+00:00","dateModified":"2023-04-25T19:09:16+00:00","breadcrumb":{"@id":"https:\/\/expert-rgpd.com\/index.php\/politique-de-confidentialite\/#breadcrumb"},"inLanguage":"fr-FR","potentialAction":[{"@type":"ReadAction","target":["https:\/\/expert-rgpd.com\/index.php\/politique-de-confidentialite\/"]}]},{"@type":"BreadcrumbList","@id":"https:\/\/expert-rgpd.com\/index.php\/politique-de-confidentialite\/#breadcrumb","itemListElement":[{"@type":"ListItem","position":1,"name":"Accueil","item":"https:\/\/expert-rgpd.com\/"},{"@type":"ListItem","position":2,"name":"Mentions L\u00e9gales \/ Politique de Confidentialit\u00e9 \/ RGPD"}]},{"@type":"WebSite","@id":"https:\/\/expert-rgpd.com\/#website","url":"https:\/\/expert-rgpd.com\/","name":"Experts RGPD","description":"D\u00e9tendez-vous, on s&#039;occupe de votre RGPD","publisher":{"@id":"https:\/\/expert-rgpd.com\/#organization"},"potentialAction":[{"@type":"SearchAction","target":{"@type":"EntryPoint","urlTemplate":"https:\/\/expert-rgpd.com\/?s={search_term_string}"},"query-input":"required name=search_term_string"}],"inLanguage":"fr-FR"},{"@type":"Organization","@id":"https:\/\/expert-rgpd.com\/#organization","name":"Experts RGPD","url":"https:\/\/expert-rgpd.com\/","logo":{"@type":"ImageObject","inLanguage":"fr-FR","@id":"https:\/\/expert-rgpd.com\/#\/schema\/logo\/image\/","url":"http:\/\/bqkkuwz.cluster027.hosting.ovh.net\/wp-content\/uploads\/2023\/05\/Experts-RGPD.png","contentUrl":"http:\/\/bqkkuwz.cluster027.hosting.ovh.net\/wp-content\/uploads\/2023\/05\/Experts-RGPD.png","width":700,"height":121,"caption":"Experts RGPD"},"image":{"@id":"https:\/\/expert-rgpd.com\/#\/schema\/logo\/image\/"}}]}},"_links":{"self":[{"href":"https:\/\/expert-rgpd.com\/index.php\/wp-json\/wp\/v2\/pages\/3","targetHints":{"allow":["GET"]}}],"collection":[{"href":"https:\/\/expert-rgpd.com\/index.php\/wp-json\/wp\/v2\/pages"}],"about":[{"href":"https:\/\/expert-rgpd.com\/index.php\/wp-json\/wp\/v2\/types\/page"}],"author":[{"embeddable":true,"href":"https:\/\/expert-rgpd.com\/index.php\/wp-json\/wp\/v2\/users\/1"}],"replies":[{"embeddable":true,"href":"https:\/\/expert-rgpd.com\/index.php\/wp-json\/wp\/v2\/comments?post=3"}],"version-history":[{"count":5,"href":"https:\/\/expert-rgpd.com\/index.php\/wp-json\/wp\/v2\/pages\/3\/revisions"}],"predecessor-version":[{"id":152,"href":"https:\/\/expert-rgpd.com\/index.php\/wp-json\/wp\/v2\/pages\/3\/revisions\/152"}],"wp:attachment":[{"href":"https:\/\/expert-rgpd.com\/index.php\/wp-json\/wp\/v2\/media?parent=3"}],"curies":[{"name":"wp","href":"https:\/\/api.w.org\/{rel}","templated":true}]}}